{"id":231,"date":"2024-06-20T12:37:14","date_gmt":"2024-06-20T10:37:14","guid":{"rendered":"https:\/\/lecomptoirdelalia.fr\/?page_id=231"},"modified":"2024-06-20T12:42:18","modified_gmt":"2024-06-20T10:42:18","slug":"mentions-legales","status":"publish","type":"page","link":"https:\/\/lecomptoirdelalia.fr\/index.php\/mentions-legales\/","title":{"rendered":"Mentions l\u00e9gales"},"content":{"rendered":"\t\t<div data-elementor-type=\"wp-page\" data-elementor-id=\"231\" class=\"elementor elementor-231\" data-elementor-settings=\"{&quot;ha_cmc_init_switcher&quot;:&quot;no&quot;}\" data-elementor-post-type=\"page\">\n\t\t\t\t\t\t<section class=\"elementor-section elementor-top-section elementor-element elementor-element-77da570 elementor-section-boxed elementor-section-height-default elementor-section-height-default\" data-id=\"77da570\" data-element_type=\"section\" data-e-type=\"section\" data-settings=\"{&quot;_ha_eqh_enable&quot;:false}\">\n\t\t\t\t\t\t<div class=\"elementor-container elementor-column-gap-default\">\n\t\t\t\t\t<div class=\"elementor-column elementor-col-100 elementor-top-column elementor-element elementor-element-767ec26\" data-id=\"767ec26\" data-element_type=\"column\" data-e-type=\"column\">\n\t\t\t<div class=\"elementor-widget-wrap elementor-element-populated\">\n\t\t\t\t\t\t<section class=\"elementor-section elementor-inner-section elementor-element elementor-element-f98db56 elementor-section-boxed elementor-section-height-default elementor-section-height-default\" data-id=\"f98db56\" data-element_type=\"section\" data-e-type=\"section\" data-settings=\"{&quot;_ha_eqh_enable&quot;:false}\">\n\t\t\t\t\t\t<div class=\"elementor-container elementor-column-gap-default\">\n\t\t\t\t\t<div class=\"elementor-column elementor-col-100 elementor-inner-column elementor-element elementor-element-4f83926\" data-id=\"4f83926\" data-element_type=\"column\" data-e-type=\"column\">\n\t\t\t<div class=\"elementor-widget-wrap elementor-element-populated\">\n\t\t\t\t\t\t<div class=\"elementor-element elementor-element-6139bf8 elementor-widget elementor-widget-heading\" data-id=\"6139bf8\" data-element_type=\"widget\" data-e-type=\"widget\" data-widget_type=\"heading.default\">\n\t\t\t\t<div class=\"elementor-widget-container\">\n\t\t\t\t\t<h2 class=\"elementor-heading-title elementor-size-default\">Mentions l\u00e9gales<\/h2>\t\t\t\t<\/div>\n\t\t\t\t<\/div>\n\t\t\t\t<div class=\"elementor-element elementor-element-83d5a76 elementor-widget elementor-widget-text-editor\" data-id=\"83d5a76\" data-element_type=\"widget\" data-e-type=\"widget\" data-widget_type=\"text-editor.default\">\n\t\t\t\t<div class=\"elementor-widget-container\">\n\t\t\t\t\t\t\t\t\t<h4>\u00c9diteur du site<\/h4><p><strong>Nom du Restaurant<\/strong><br \/>Nom de la soci\u00e9t\u00e9 : LE COMPTOIR DE LALIA<br \/>Adresse du si\u00e8ge social :6 RUE JOSEPH REY 38000 GRENOBLE<br \/>Num\u00e9ro de t\u00e9l\u00e9phone : 04 80 15 01 73<br \/>Adresse email : contact@lecomptoirdelalia.fr<br \/>RCS : Grenoble B 984 759 035<br \/>TVA intracommunautaire : FR12984759035<\/p><h4>Directeur de la publication<\/h4><p>Nom du Directeur de la Publication : LE COMPTOIR DE LALIA<\/p><h4>H\u00e9bergement<\/h4><p>Nom de l\u2019h\u00e9bergeur : HOSTINGER<br \/>Adresse de l\u2019h\u00e9bergeur : Hostinger -1 Lordou Vironos Street, 6023 Larnaca, Chypre \u2013 domains@hostinger.com<br \/><br \/><\/p><h4>Propri\u00e9t\u00e9 intellectuelle<\/h4><p>Le contenu du site www.lecomptoirdelalia.fr (textes, images, vid\u00e9os, etc.) est la propri\u00e9t\u00e9 exclusive de LE COMPTOIR DE LALIA sauf mention contraire. Toute reproduction, repr\u00e9sentation, modification, publication, adaptation de tout ou partie des \u00e9l\u00e9ments du site, quel que soit le moyen ou le proc\u00e9d\u00e9 utilis\u00e9, est interdite, sauf autorisation \u00e9crite pr\u00e9alable de LE COMPTOIR DE LALIA.<\/p><h4>Donn\u00e9es personnelles<\/h4><p>Les informations recueillies sur ce site sont enregistr\u00e9es dans un fichier informatis\u00e9 par LE COMPTOIR DE LALIA pour [finalit\u00e9 du traitement]. Elles sont conserv\u00e9es pendant 1 AN et sont destin\u00e9es \u00e0 vous contacter. Conform\u00e9ment \u00e0 la loi \u00ab informatique et libert\u00e9s \u00bb, vous pouvez exercer votre droit d\u2019acc\u00e8s aux donn\u00e9es vous concernant et les faire rectifier en contactant :LE COMPTOIR DE LALIA &#8211; contact@lecomptoirdelalia.fr<\/p><h4>Cookies<\/h4><p>Le site LE COMPTOIR DE LALIA peut-\u00eatre amen\u00e9 \u00e0 vous demander l\u2019acceptation des cookies pour des besoins de statistiques et d&rsquo;affichage. Un cookie est une information d\u00e9pos\u00e9e sur votre disque dur par le serveur du site que vous visitez. Il contient plusieurs donn\u00e9es qui sont stock\u00e9es sur votre ordinateur dans un simple fichier texte auquel un serveur acc\u00e8de pour lire et enregistrer des informations.<\/p><h4>Liens hypertextes<\/h4><p>Le site www.lecomptoirdelalia.fr peut contenir des liens hypertextes vers d\u2019autres sites pr\u00e9sents sur le r\u00e9seau Internet. Les liens vers ces autres ressources vous font quitter le site www.lecomptoirdelalia.fr<\/p><h4>Responsabilit\u00e9<\/h4><p>LE COMPTOIR DE LALIA ne pourra \u00eatre tenue responsable des dommages directs et indirects caus\u00e9s au mat\u00e9riel de l\u2019utilisateur, lors de l\u2019acc\u00e8s au site www.lecomptoirdelalia.fr, et r\u00e9sultant soit de l\u2019utilisation d\u2019un mat\u00e9riel ne r\u00e9pondant pas aux sp\u00e9cifications indiqu\u00e9es, soit de l\u2019apparition d\u2019un bug ou d\u2019une incompatibilit\u00e9.<\/p><h4>Droit applicable<\/h4><p>Tout litige en relation avec l\u2019utilisation du site www.lecomptoirdelalia.fr est soumis au droit fran\u00e7ais. Il est fait attribution exclusive de juridiction aux tribunaux comp\u00e9tents de Grenoble.<\/p>\t\t\t\t\t\t\t\t<\/div>\n\t\t\t\t<\/div>\n\t\t\t\t\t<\/div>\n\t\t<\/div>\n\t\t\t\t\t<\/div>\n\t\t<\/section>\n\t\t\t\t\t<\/div>\n\t\t<\/div>\n\t\t\t\t\t<\/div>\n\t\t<\/section>\n\t\t\t\t<\/div>\n\t\t","protected":false},"excerpt":{"rendered":"<p>Mentions l\u00e9gales \u00c9diteur du site Nom du RestaurantNom de la soci\u00e9t\u00e9 : LE COMPTOIR DE LALIAAdresse du si\u00e8ge social :6 RUE JOSEPH REY 38000 GRENOBLENum\u00e9ro de t\u00e9l\u00e9phone : 04 80 15 01 73Adresse email : contact@lecomptoirdelalia.frRCS : Grenoble B 984 759 035TVA intracommunautaire : FR12984759035 Directeur de la publication Nom du Directeur de la Publication [&hellip;]<\/p>\n","protected":false},"author":1,"featured_media":0,"parent":0,"menu_order":0,"comment_status":"closed","ping_status":"closed","template":"elementor_header_footer","meta":{"footnotes":""},"class_list":["post-231","page","type-page","status-publish","hentry"],"yoast_head":"<!-- This site is optimized with the Yoast SEO plugin v27.6 - https:\/\/yoast.com\/product\/yoast-seo-wordpress\/ -->\n<title>Mentions l\u00e9gales - Le comptoir de Lalia<\/title>\n<meta name=\"robots\" content=\"index, follow, max-snippet:-1, max-image-preview:large, max-video-preview:-1\" \/>\n<link rel=\"canonical\" href=\"https:\/\/lecomptoirdelalia.fr\/index.php\/mentions-legales\/\" \/>\n<meta property=\"og:locale\" content=\"fr_FR\" \/>\n<meta property=\"og:type\" content=\"article\" \/>\n<meta property=\"og:title\" content=\"Mentions l\u00e9gales - Le comptoir de Lalia\" \/>\n<meta property=\"og:description\" content=\"Mentions l\u00e9gales \u00c9diteur du site Nom du RestaurantNom de la soci\u00e9t\u00e9 : LE COMPTOIR DE LALIAAdresse du si\u00e8ge social :6 RUE JOSEPH REY 38000 GRENOBLENum\u00e9ro de t\u00e9l\u00e9phone : 04 80 15 01 73Adresse email : contact@lecomptoirdelalia.frRCS : Grenoble B 984 759 035TVA intracommunautaire : FR12984759035 Directeur de la publication Nom du Directeur de la Publication [&hellip;]\" \/>\n<meta property=\"og:url\" content=\"https:\/\/lecomptoirdelalia.fr\/index.php\/mentions-legales\/\" \/>\n<meta property=\"og:site_name\" content=\"Le comptoir de Lalia\" \/>\n<meta property=\"article:modified_time\" content=\"2024-06-20T10:42:18+00:00\" \/>\n<meta name=\"twitter:card\" content=\"summary_large_image\" \/>\n<meta name=\"twitter:label1\" content=\"Dur\u00e9e de lecture estim\u00e9e\" \/>\n\t<meta name=\"twitter:data1\" content=\"2 minutes\" \/>\n<script type=\"application\/ld+json\" class=\"yoast-schema-graph\">{\"@context\":\"https:\\\/\\\/schema.org\",\"@graph\":[{\"@type\":\"WebPage\",\"@id\":\"https:\\\/\\\/lecomptoirdelalia.fr\\\/index.php\\\/mentions-legales\\\/\",\"url\":\"https:\\\/\\\/lecomptoirdelalia.fr\\\/index.php\\\/mentions-legales\\\/\",\"name\":\"Mentions l\u00e9gales - Le comptoir de Lalia\",\"isPartOf\":{\"@id\":\"https:\\\/\\\/lecomptoirdelalia.fr\\\/#website\"},\"datePublished\":\"2024-06-20T10:37:14+00:00\",\"dateModified\":\"2024-06-20T10:42:18+00:00\",\"breadcrumb\":{\"@id\":\"https:\\\/\\\/lecomptoirdelalia.fr\\\/index.php\\\/mentions-legales\\\/#breadcrumb\"},\"inLanguage\":\"fr-FR\",\"potentialAction\":[{\"@type\":\"ReadAction\",\"target\":[\"https:\\\/\\\/lecomptoirdelalia.fr\\\/index.php\\\/mentions-legales\\\/\"]}]},{\"@type\":\"BreadcrumbList\",\"@id\":\"https:\\\/\\\/lecomptoirdelalia.fr\\\/index.php\\\/mentions-legales\\\/#breadcrumb\",\"itemListElement\":[{\"@type\":\"ListItem\",\"position\":1,\"name\":\"Accueil\",\"item\":\"https:\\\/\\\/lecomptoirdelalia.fr\\\/\"},{\"@type\":\"ListItem\",\"position\":2,\"name\":\"Mentions l\u00e9gales\"}]},{\"@type\":\"WebSite\",\"@id\":\"https:\\\/\\\/lecomptoirdelalia.fr\\\/#website\",\"url\":\"https:\\\/\\\/lecomptoirdelalia.fr\\\/\",\"name\":\"Le comptoir de Lalia\",\"description\":\"\",\"publisher\":{\"@id\":\"https:\\\/\\\/lecomptoirdelalia.fr\\\/#organization\"},\"potentialAction\":[{\"@type\":\"SearchAction\",\"target\":{\"@type\":\"EntryPoint\",\"urlTemplate\":\"https:\\\/\\\/lecomptoirdelalia.fr\\\/?s={search_term_string}\"},\"query-input\":{\"@type\":\"PropertyValueSpecification\",\"valueRequired\":true,\"valueName\":\"search_term_string\"}}],\"inLanguage\":\"fr-FR\"},{\"@type\":\"Organization\",\"@id\":\"https:\\\/\\\/lecomptoirdelalia.fr\\\/#organization\",\"name\":\"Le comptoir de Lalia\",\"url\":\"https:\\\/\\\/lecomptoirdelalia.fr\\\/\",\"logo\":{\"@type\":\"ImageObject\",\"inLanguage\":\"fr-FR\",\"@id\":\"https:\\\/\\\/lecomptoirdelalia.fr\\\/#\\\/schema\\\/logo\\\/image\\\/\",\"url\":\"https:\\\/\\\/lecomptoirdelalia.fr\\\/wp-content\\\/uploads\\\/2024\\\/06\\\/cropped-LOGO_LCDL.png\",\"contentUrl\":\"https:\\\/\\\/lecomptoirdelalia.fr\\\/wp-content\\\/uploads\\\/2024\\\/06\\\/cropped-LOGO_LCDL.png\",\"width\":4723,\"height\":3208,\"caption\":\"Le comptoir de Lalia\"},\"image\":{\"@id\":\"https:\\\/\\\/lecomptoirdelalia.fr\\\/#\\\/schema\\\/logo\\\/image\\\/\"}}]}<\/script>\n<!-- \/ Yoast SEO plugin. -->","yoast_head_json":{"title":"Mentions l\u00e9gales - Le comptoir de Lalia","robots":{"index":"index","follow":"follow","max-snippet":"max-snippet:-1","max-image-preview":"max-image-preview:large","max-video-preview":"max-video-preview:-1"},"canonical":"https:\/\/lecomptoirdelalia.fr\/index.php\/mentions-legales\/","og_locale":"fr_FR","og_type":"article","og_title":"Mentions l\u00e9gales - Le comptoir de Lalia","og_description":"Mentions l\u00e9gales \u00c9diteur du site Nom du RestaurantNom de la soci\u00e9t\u00e9 : LE COMPTOIR DE LALIAAdresse du si\u00e8ge social :6 RUE JOSEPH REY 38000 GRENOBLENum\u00e9ro de t\u00e9l\u00e9phone : 04 80 15 01 73Adresse email : contact@lecomptoirdelalia.frRCS : Grenoble B 984 759 035TVA intracommunautaire : FR12984759035 Directeur de la publication Nom du Directeur de la Publication [&hellip;]","og_url":"https:\/\/lecomptoirdelalia.fr\/index.php\/mentions-legales\/","og_site_name":"Le comptoir de Lalia","article_modified_time":"2024-06-20T10:42:18+00:00","twitter_card":"summary_large_image","twitter_misc":{"Dur\u00e9e de lecture estim\u00e9e":"2 minutes"},"schema":{"@context":"https:\/\/schema.org","@graph":[{"@type":"WebPage","@id":"https:\/\/lecomptoirdelalia.fr\/index.php\/mentions-legales\/","url":"https:\/\/lecomptoirdelalia.fr\/index.php\/mentions-legales\/","name":"Mentions l\u00e9gales - Le comptoir de Lalia","isPartOf":{"@id":"https:\/\/lecomptoirdelalia.fr\/#website"},"datePublished":"2024-06-20T10:37:14+00:00","dateModified":"2024-06-20T10:42:18+00:00","breadcrumb":{"@id":"https:\/\/lecomptoirdelalia.fr\/index.php\/mentions-legales\/#breadcrumb"},"inLanguage":"fr-FR","potentialAction":[{"@type":"ReadAction","target":["https:\/\/lecomptoirdelalia.fr\/index.php\/mentions-legales\/"]}]},{"@type":"BreadcrumbList","@id":"https:\/\/lecomptoirdelalia.fr\/index.php\/mentions-legales\/#breadcrumb","itemListElement":[{"@type":"ListItem","position":1,"name":"Accueil","item":"https:\/\/lecomptoirdelalia.fr\/"},{"@type":"ListItem","position":2,"name":"Mentions l\u00e9gales"}]},{"@type":"WebSite","@id":"https:\/\/lecomptoirdelalia.fr\/#website","url":"https:\/\/lecomptoirdelalia.fr\/","name":"Le comptoir de Lalia","description":"","publisher":{"@id":"https:\/\/lecomptoirdelalia.fr\/#organization"},"potentialAction":[{"@type":"SearchAction","target":{"@type":"EntryPoint","urlTemplate":"https:\/\/lecomptoirdelalia.fr\/?s={search_term_string}"},"query-input":{"@type":"PropertyValueSpecification","valueRequired":true,"valueName":"search_term_string"}}],"inLanguage":"fr-FR"},{"@type":"Organization","@id":"https:\/\/lecomptoirdelalia.fr\/#organization","name":"Le comptoir de Lalia","url":"https:\/\/lecomptoirdelalia.fr\/","logo":{"@type":"ImageObject","inLanguage":"fr-FR","@id":"https:\/\/lecomptoirdelalia.fr\/#\/schema\/logo\/image\/","url":"https:\/\/lecomptoirdelalia.fr\/wp-content\/uploads\/2024\/06\/cropped-LOGO_LCDL.png","contentUrl":"https:\/\/lecomptoirdelalia.fr\/wp-content\/uploads\/2024\/06\/cropped-LOGO_LCDL.png","width":4723,"height":3208,"caption":"Le comptoir de Lalia"},"image":{"@id":"https:\/\/lecomptoirdelalia.fr\/#\/schema\/logo\/image\/"}}]}},"_links":{"self":[{"href":"https:\/\/lecomptoirdelalia.fr\/index.php\/wp-json\/wp\/v2\/pages\/231","targetHints":{"allow":["GET"]}}],"collection":[{"href":"https:\/\/lecomptoirdelalia.fr\/index.php\/wp-json\/wp\/v2\/pages"}],"about":[{"href":"https:\/\/lecomptoirdelalia.fr\/index.php\/wp-json\/wp\/v2\/types\/page"}],"author":[{"embeddable":true,"href":"https:\/\/lecomptoirdelalia.fr\/index.php\/wp-json\/wp\/v2\/users\/1"}],"replies":[{"embeddable":true,"href":"https:\/\/lecomptoirdelalia.fr\/index.php\/wp-json\/wp\/v2\/comments?post=231"}],"version-history":[{"count":4,"href":"https:\/\/lecomptoirdelalia.fr\/index.php\/wp-json\/wp\/v2\/pages\/231\/revisions"}],"predecessor-version":[{"id":235,"href":"https:\/\/lecomptoirdelalia.fr\/index.php\/wp-json\/wp\/v2\/pages\/231\/revisions\/235"}],"wp:attachment":[{"href":"https:\/\/lecomptoirdelalia.fr\/index.php\/wp-json\/wp\/v2\/media?parent=231"}],"curies":[{"name":"wp","href":"https:\/\/api.w.org\/{rel}","templated":true}]}}